{"id":85,"date":"2018-12-10T16:51:38","date_gmt":"2018-12-10T15:51:38","guid":{"rendered":"http:\/\/www.tierarzt-mainz.de\/wordpress\/?page_id=85"},"modified":"2020-08-21T10:51:04","modified_gmt":"2020-08-21T08:51:04","slug":"anfahrt","status":"publish","type":"page","link":"https:\/\/www.tierarzt-mainz.de\/wordpress\/anfahrt\/","title":{"rendered":"Anfahrt"},"content":{"rendered":"<div id='av-layout-grid-1'  class='av-layout-grid-container av-jpi7tbph-4f1416b92f60afa8fe72edc6351cebf3 entry-content-wrapper main_color av-flex-cells  avia-builder-el-0  el_before_av_slideshow_full  avia-builder-el-first   container_wrap sidebar_right'  >\n\n<style type=\"text\/css\" data-created_by=\"avia_inline_auto\" id=\"style-css-av-jpi7to57-310b552b19895bd5d3fb008d97dbfd34\">\n.flex_cell.av-jpi7to57-310b552b19895bd5d3fb008d97dbfd34{\nvertical-align:top;\npadding:10px 0px 0px 0px;\nbackground-color:#1b8789;\n}\n<\/style>\n<div class='flex_cell av-jpi7to57-310b552b19895bd5d3fb008d97dbfd34 av-gridrow-cell av_one_full no_margin  avia-builder-el-1  avia-builder-el-no-sibling ' ><div class='flex_cell_inner'><\/div><\/div>\n<\/div>\n<div id='full_slider_1'  class='avia-fullwidth-slider main_color avia-shadow   avia-builder-el-2  el_after_av_layout_row  el_before_av_heading   slider-not-first container_wrap sidebar_right'  ><div  class='avia-slideshow av-jpi8virm-ffffb732ba8369b1c8a790933ad67899 avia-slideshow-no scaling av_slideshow_full avia-slide-slider av-slideshow-ui av-control-default av-slideshow-manual av-loop-once av-loop-manual-endless av-default-height-applied   avia-slideshow-1' data-slideshow-options=\"{&quot;animation&quot;:&quot;slide&quot;,&quot;autoplay&quot;:false,&quot;loop_autoplay&quot;:&quot;once&quot;,&quot;interval&quot;:5,&quot;loop_manual&quot;:&quot;manual-endless&quot;,&quot;autoplay_stopper&quot;:false,&quot;noNavigation&quot;:false,&quot;bg_slider&quot;:false,&quot;keep_padding&quot;:false,&quot;hoverpause&quot;:false,&quot;show_slide_delay&quot;:0}\"  itemprop=\"image\" itemscope=\"itemscope\" itemtype=\"https:\/\/schema.org\/ImageObject\" ><ul class='avia-slideshow-inner ' style='padding-bottom: 20.664589823468%;'><li  class='avia-slideshow-slide av-jpi8virm-ffffb732ba8369b1c8a790933ad67899__0  slide-1 slide-odd'><div data-rel='slideshow-1' class='avia-slide-wrap '   ><img decoding=\"async\" class=\"wp-image-38 avia-img-lazy-loading-not-38\"  src=\"https:\/\/www.tierarzt-mainz.de\/wordpress\/wp-content\/uploads\/2018\/12\/start_2-1.jpg\" width=\"1926\" height=\"398\" title='start_2' alt=''  itemprop=\"thumbnailUrl\" srcset=\"https:\/\/www.tierarzt-mainz.de\/wordpress\/wp-content\/uploads\/2018\/12\/start_2-1.jpg 1926w, https:\/\/www.tierarzt-mainz.de\/wordpress\/wp-content\/uploads\/2018\/12\/start_2-1-300x62.jpg 300w, https:\/\/www.tierarzt-mainz.de\/wordpress\/wp-content\/uploads\/2018\/12\/start_2-1-768x159.jpg 768w, https:\/\/www.tierarzt-mainz.de\/wordpress\/wp-content\/uploads\/2018\/12\/start_2-1-1030x213.jpg 1030w, https:\/\/www.tierarzt-mainz.de\/wordpress\/wp-content\/uploads\/2018\/12\/start_2-1-1500x310.jpg 1500w, https:\/\/www.tierarzt-mainz.de\/wordpress\/wp-content\/uploads\/2018\/12\/start_2-1-705x146.jpg 705w, https:\/\/www.tierarzt-mainz.de\/wordpress\/wp-content\/uploads\/2018\/12\/start_2-1-450x93.jpg 450w\" sizes=\"(max-width: 1926px) 100vw, 1926px\" \/><\/div><\/li><li  class='avia-slideshow-slide av-jpi8virm-ffffb732ba8369b1c8a790933ad67899__1  slide-2 slide-even'><div data-rel='slideshow-1' class='avia-slide-wrap '   ><img decoding=\"async\" class=\"wp-image-37 avia-img-lazy-loading-not-37\"  src=\"https:\/\/www.tierarzt-mainz.de\/wordpress\/wp-content\/uploads\/2018\/12\/start_3.jpg\" width=\"1926\" height=\"398\" title='start_3' alt=''  itemprop=\"thumbnailUrl\" srcset=\"https:\/\/www.tierarzt-mainz.de\/wordpress\/wp-content\/uploads\/2018\/12\/start_3.jpg 1926w, https:\/\/www.tierarzt-mainz.de\/wordpress\/wp-content\/uploads\/2018\/12\/start_3-300x62.jpg 300w, https:\/\/www.tierarzt-mainz.de\/wordpress\/wp-content\/uploads\/2018\/12\/start_3-768x159.jpg 768w, https:\/\/www.tierarzt-mainz.de\/wordpress\/wp-content\/uploads\/2018\/12\/start_3-1030x213.jpg 1030w, https:\/\/www.tierarzt-mainz.de\/wordpress\/wp-content\/uploads\/2018\/12\/start_3-1500x310.jpg 1500w, https:\/\/www.tierarzt-mainz.de\/wordpress\/wp-content\/uploads\/2018\/12\/start_3-705x146.jpg 705w, https:\/\/www.tierarzt-mainz.de\/wordpress\/wp-content\/uploads\/2018\/12\/start_3-450x93.jpg 450w\" sizes=\"(max-width: 1926px) 100vw, 1926px\" \/><\/div><\/li><\/ul><div class='avia-slideshow-arrows avia-slideshow-controls' ><a href='#prev' class='prev-slide ' aria-hidden='true' data-av_icon='\ue87c' data-av_iconfont='entypo-fontello'  tabindex='-1'>Zur\u00fcck<\/a><a href='#next' class='next-slide ' aria-hidden='true' data-av_icon='\ue87d' data-av_iconfont='entypo-fontello'  tabindex='-1'>Weiter<\/a><\/div><div class='avia-slideshow-dots avia-slideshow-controls'><a href='#1' class='goto-slide active' >1<\/a><a href='#2' class='goto-slide ' >2<\/a><\/div><\/div><\/div><div id='after_full_slider_1'  class='main_color av_default_container_wrap container_wrap sidebar_right'  ><div class='container av-section-cont-open' ><div class='template-page content  av-content-small alpha units'><div class='post-entry post-entry-type-page post-entry-85'><div class='entry-content-wrapper clearfix'>\n\n<style type=\"text\/css\" data-created_by=\"avia_inline_auto\" id=\"style-css-av-av_heading-2516d00a87a92ecf1705b4aaaa539b31\">\n#top .av-special-heading.av-av_heading-2516d00a87a92ecf1705b4aaaa539b31{\npadding-bottom:10px;\n}\nbody .av-special-heading.av-av_heading-2516d00a87a92ecf1705b4aaaa539b31 .av-special-heading-tag .heading-char{\nfont-size:25px;\n}\n.av-special-heading.av-av_heading-2516d00a87a92ecf1705b4aaaa539b31 .av-subheading{\nfont-size:15px;\n}\n<\/style>\n<div  class='av-special-heading av-av_heading-2516d00a87a92ecf1705b4aaaa539b31 av-special-heading-h2 blockquote modern-quote  avia-builder-el-3  el_after_av_slideshow_full  el_before_av_two_third  avia-builder-el-first '><h2 class='av-special-heading-tag'  itemprop=\"headline\"  >Anfahrt<\/h2><div class=\"special-heading-border\"><div class=\"special-heading-inner-border\"><\/div><\/div><\/div>\n\n<style type=\"text\/css\" data-created_by=\"avia_inline_auto\" id=\"style-css-av-pnod-8e3467254de9926d6b694d01e9f2774a\">\n.flex_column.av-pnod-8e3467254de9926d6b694d01e9f2774a{\n-webkit-border-radius:0px 0px 0px 0px;\n-moz-border-radius:0px 0px 0px 0px;\nborder-radius:0px 0px 0px 0px;\n}\n<\/style>\n<div class='flex_column av-pnod-8e3467254de9926d6b694d01e9f2774a av_two_third  avia-builder-el-4  el_after_av_heading  avia-builder-el-last  first flex_column_div av-zero-column-padding '     ><p><section  class='av_textblock_section av-jpij6cm2-85331b60657c794c4e6c732553c7b1d5'  itemscope=\"itemscope\" itemtype=\"https:\/\/schema.org\/CreativeWork\" ><div class='avia_textblock'  itemprop=\"text\" ><p>Unsere Praxis ist gut mit dem PKW zu erreichen und verf\u00fcgt \u00fcber eigene Parkpl\u00e4tze.<br \/>\n<strong>Zur Information: Unsere Praxis liegt au\u00dferhalb der Umweltzone.<\/strong><br \/>\nDie Haltestellen &#8222;Daniel-Brendel-Stra\u00dfe&#8220; der Buslinien 54, 55 und 78 liegen in unmittelbarer Praxisn\u00e4he.<\/p>\n<p><a href=\"http:\/\/www.tierarzt-mainz.de\/wordpress\/wp-content\/uploads\/2018\/12\/anfahrt.jpg\"><img loading=\"lazy\" decoding=\"async\" class=\"alignnone wp-image-114 size-medium\" src=\"http:\/\/www.tierarzt-mainz.de\/wordpress\/wp-content\/uploads\/2018\/12\/anfahrt-300x269.jpg\" alt=\"\" width=\"300\" height=\"269\" srcset=\"https:\/\/www.tierarzt-mainz.de\/wordpress\/wp-content\/uploads\/2018\/12\/anfahrt-300x269.jpg 300w, https:\/\/www.tierarzt-mainz.de\/wordpress\/wp-content\/uploads\/2018\/12\/anfahrt-450x403.jpg 450w, https:\/\/www.tierarzt-mainz.de\/wordpress\/wp-content\/uploads\/2018\/12\/anfahrt.jpg 546w\" sizes=\"auto, (max-width: 300px) 100vw, 300px\" \/><\/a><a href=\"http:\/\/www.tierarzt-mainz.de\/wordpress\/wp-content\/uploads\/2018\/12\/anfahrtDetail.png\"><img loading=\"lazy\" decoding=\"async\" class=\"alignnone wp-image-115 size-medium\" src=\"http:\/\/www.tierarzt-mainz.de\/wordpress\/wp-content\/uploads\/2018\/12\/anfahrtDetail-300x287.png\" alt=\"\" width=\"300\" height=\"287\" srcset=\"https:\/\/www.tierarzt-mainz.de\/wordpress\/wp-content\/uploads\/2018\/12\/anfahrtDetail-300x287.png 300w, https:\/\/www.tierarzt-mainz.de\/wordpress\/wp-content\/uploads\/2018\/12\/anfahrtDetail-768x736.png 768w, https:\/\/www.tierarzt-mainz.de\/wordpress\/wp-content\/uploads\/2018\/12\/anfahrtDetail-1030x987.png 1030w, https:\/\/www.tierarzt-mainz.de\/wordpress\/wp-content\/uploads\/2018\/12\/anfahrtDetail-705x676.png 705w, https:\/\/www.tierarzt-mainz.de\/wordpress\/wp-content\/uploads\/2018\/12\/anfahrtDetail-450x431.png 450w, https:\/\/www.tierarzt-mainz.de\/wordpress\/wp-content\/uploads\/2018\/12\/anfahrtDetail.png 1221w\" sizes=\"auto, (max-width: 300px) 100vw, 300px\" \/><\/a><\/p>\n<p>Kleintierpraxis<br \/>\nDr. Gabriele von Gaertner und Dr. Amelie von Gaertner<br \/>\nCarl-Zuckmayer-Stra\u00dfe 11<br \/>\n55127 Mainz Drais<\/p>\n<\/div><\/section><br \/>\n<\/p><\/div>\n","protected":false},"excerpt":{"rendered":"","protected":false},"author":1,"featured_media":0,"parent":0,"menu_order":0,"comment_status":"closed","ping_status":"closed","template":"","meta":{"footnotes":""},"class_list":["post-85","page","type-page","status-publish","hentry"],"_links":{"self":[{"href":"https:\/\/www.tierarzt-mainz.de\/wordpress\/wp-json\/wp\/v2\/pages\/85","targetHints":{"allow":["GET"]}}],"collection":[{"href":"https:\/\/www.tierarzt-mainz.de\/wordpress\/wp-json\/wp\/v2\/pages"}],"about":[{"href":"https:\/\/www.tierarzt-mainz.de\/wordpress\/wp-json\/wp\/v2\/types\/page"}],"author":[{"embeddable":true,"href":"https:\/\/www.tierarzt-mainz.de\/wordpress\/wp-json\/wp\/v2\/users\/1"}],"replies":[{"embeddable":true,"href":"https:\/\/www.tierarzt-mainz.de\/wordpress\/wp-json\/wp\/v2\/comments?post=85"}],"version-history":[{"count":4,"href":"https:\/\/www.tierarzt-mainz.de\/wordpress\/wp-json\/wp\/v2\/pages\/85\/revisions"}],"predecessor-version":[{"id":303,"href":"https:\/\/www.tierarzt-mainz.de\/wordpress\/wp-json\/wp\/v2\/pages\/85\/revisions\/303"}],"wp:attachment":[{"href":"https:\/\/www.tierarzt-mainz.de\/wordpress\/wp-json\/wp\/v2\/media?parent=85"}],"curies":[{"name":"wp","href":"https:\/\/api.w.org\/{rel}","templated":true}]}}