{"id":78,"date":"2018-12-10T13:58:50","date_gmt":"2018-12-10T12:58:50","guid":{"rendered":"http:\/\/www.tierarzt-mainz.de\/wordpress\/?page_id=78"},"modified":"2019-06-19T11:12:29","modified_gmt":"2019-06-19T09:12:29","slug":"leistungen","status":"publish","type":"page","link":"https:\/\/www.tierarzt-mainz.de\/wordpress\/leistungen\/","title":{"rendered":"Leistungen"},"content":{"rendered":"<div id='av-layout-grid-1'  class='av-layout-grid-container av-jpi7tbph-4f1416b92f60afa8fe72edc6351cebf3 entry-content-wrapper main_color av-flex-cells  avia-builder-el-0  el_before_av_slideshow_full  avia-builder-el-first   container_wrap sidebar_right'  >\n\n<style type=\"text\/css\" data-created_by=\"avia_inline_auto\" id=\"style-css-av-jpi7to57-310b552b19895bd5d3fb008d97dbfd34\">\n.flex_cell.av-jpi7to57-310b552b19895bd5d3fb008d97dbfd34{\nvertical-align:top;\npadding:10px 0px 0px 0px;\nbackground-color:#1b8789;\n}\n<\/style>\n<div class='flex_cell av-jpi7to57-310b552b19895bd5d3fb008d97dbfd34 av-gridrow-cell av_one_full no_margin  avia-builder-el-1  avia-builder-el-no-sibling ' ><div class='flex_cell_inner'><\/div><\/div>\n<\/div>\n<div id='full_slider_1'  class='avia-fullwidth-slider main_color avia-shadow   avia-builder-el-2  el_after_av_layout_row  el_before_av_heading   slider-not-first container_wrap sidebar_right'  ><div  class='avia-slideshow av-jpi8virm-ffffb732ba8369b1c8a790933ad67899 avia-slideshow-no scaling av_slideshow_full avia-slide-slider av-slideshow-ui av-control-default av-slideshow-manual av-loop-once av-loop-manual-endless av-default-height-applied   avia-slideshow-1' data-slideshow-options=\"{&quot;animation&quot;:&quot;slide&quot;,&quot;autoplay&quot;:false,&quot;loop_autoplay&quot;:&quot;once&quot;,&quot;interval&quot;:5,&quot;loop_manual&quot;:&quot;manual-endless&quot;,&quot;autoplay_stopper&quot;:false,&quot;noNavigation&quot;:false,&quot;bg_slider&quot;:false,&quot;keep_padding&quot;:false,&quot;hoverpause&quot;:false,&quot;show_slide_delay&quot;:0}\"  itemprop=\"image\" itemscope=\"itemscope\" itemtype=\"https:\/\/schema.org\/ImageObject\" ><ul class='avia-slideshow-inner ' style='padding-bottom: 20.664589823468%;'><li  class='avia-slideshow-slide av-jpi8virm-ffffb732ba8369b1c8a790933ad67899__0  slide-1 slide-odd'><div data-rel='slideshow-1' class='avia-slide-wrap '   ><img decoding=\"async\" class=\"wp-image-38 avia-img-lazy-loading-not-38\"  src=\"https:\/\/www.tierarzt-mainz.de\/wordpress\/wp-content\/uploads\/2018\/12\/start_2-1.jpg\" width=\"1926\" height=\"398\" title='start_2' alt=''  itemprop=\"thumbnailUrl\" srcset=\"https:\/\/www.tierarzt-mainz.de\/wordpress\/wp-content\/uploads\/2018\/12\/start_2-1.jpg 1926w, https:\/\/www.tierarzt-mainz.de\/wordpress\/wp-content\/uploads\/2018\/12\/start_2-1-300x62.jpg 300w, https:\/\/www.tierarzt-mainz.de\/wordpress\/wp-content\/uploads\/2018\/12\/start_2-1-768x159.jpg 768w, https:\/\/www.tierarzt-mainz.de\/wordpress\/wp-content\/uploads\/2018\/12\/start_2-1-1030x213.jpg 1030w, https:\/\/www.tierarzt-mainz.de\/wordpress\/wp-content\/uploads\/2018\/12\/start_2-1-1500x310.jpg 1500w, https:\/\/www.tierarzt-mainz.de\/wordpress\/wp-content\/uploads\/2018\/12\/start_2-1-705x146.jpg 705w, https:\/\/www.tierarzt-mainz.de\/wordpress\/wp-content\/uploads\/2018\/12\/start_2-1-450x93.jpg 450w\" sizes=\"(max-width: 1926px) 100vw, 1926px\" \/><\/div><\/li><li  class='avia-slideshow-slide av-jpi8virm-ffffb732ba8369b1c8a790933ad67899__1  slide-2 slide-even'><div data-rel='slideshow-1' class='avia-slide-wrap '   ><img decoding=\"async\" class=\"wp-image-23 avia-img-lazy-loading-not-23\"  src=\"https:\/\/www.tierarzt-mainz.de\/wordpress\/wp-content\/uploads\/2018\/12\/start_1.jpg\" width=\"1926\" height=\"390\" title='start_1' alt=''  itemprop=\"thumbnailUrl\" srcset=\"https:\/\/www.tierarzt-mainz.de\/wordpress\/wp-content\/uploads\/2018\/12\/start_1.jpg 1926w, https:\/\/www.tierarzt-mainz.de\/wordpress\/wp-content\/uploads\/2018\/12\/start_1-300x61.jpg 300w, https:\/\/www.tierarzt-mainz.de\/wordpress\/wp-content\/uploads\/2018\/12\/start_1-768x156.jpg 768w, https:\/\/www.tierarzt-mainz.de\/wordpress\/wp-content\/uploads\/2018\/12\/start_1-1030x209.jpg 1030w, https:\/\/www.tierarzt-mainz.de\/wordpress\/wp-content\/uploads\/2018\/12\/start_1-1500x304.jpg 1500w, https:\/\/www.tierarzt-mainz.de\/wordpress\/wp-content\/uploads\/2018\/12\/start_1-705x143.jpg 705w, https:\/\/www.tierarzt-mainz.de\/wordpress\/wp-content\/uploads\/2018\/12\/start_1-450x91.jpg 450w\" sizes=\"(max-width: 1926px) 100vw, 1926px\" \/><\/div><\/li><li  class='avia-slideshow-slide av-jpi8virm-ffffb732ba8369b1c8a790933ad67899__2  slide-3 slide-odd'><div data-rel='slideshow-1' class='avia-slide-wrap '   ><img decoding=\"async\" class=\"wp-image-37 avia-img-lazy-loading-not-37\"  src=\"https:\/\/www.tierarzt-mainz.de\/wordpress\/wp-content\/uploads\/2018\/12\/start_3.jpg\" width=\"1926\" height=\"398\" title='start_3' alt=''  itemprop=\"thumbnailUrl\" srcset=\"https:\/\/www.tierarzt-mainz.de\/wordpress\/wp-content\/uploads\/2018\/12\/start_3.jpg 1926w, https:\/\/www.tierarzt-mainz.de\/wordpress\/wp-content\/uploads\/2018\/12\/start_3-300x62.jpg 300w, https:\/\/www.tierarzt-mainz.de\/wordpress\/wp-content\/uploads\/2018\/12\/start_3-768x159.jpg 768w, https:\/\/www.tierarzt-mainz.de\/wordpress\/wp-content\/uploads\/2018\/12\/start_3-1030x213.jpg 1030w, https:\/\/www.tierarzt-mainz.de\/wordpress\/wp-content\/uploads\/2018\/12\/start_3-1500x310.jpg 1500w, https:\/\/www.tierarzt-mainz.de\/wordpress\/wp-content\/uploads\/2018\/12\/start_3-705x146.jpg 705w, https:\/\/www.tierarzt-mainz.de\/wordpress\/wp-content\/uploads\/2018\/12\/start_3-450x93.jpg 450w\" sizes=\"(max-width: 1926px) 100vw, 1926px\" \/><\/div><\/li><\/ul><div class='avia-slideshow-arrows avia-slideshow-controls' ><a href='#prev' class='prev-slide ' aria-hidden='true' data-av_icon='\ue87c' data-av_iconfont='entypo-fontello'  tabindex='-1'>Zur\u00fcck<\/a><a href='#next' class='next-slide ' aria-hidden='true' data-av_icon='\ue87d' data-av_iconfont='entypo-fontello'  tabindex='-1'>Weiter<\/a><\/div><div class='avia-slideshow-dots avia-slideshow-controls'><a href='#1' class='goto-slide active' >1<\/a><a href='#2' class='goto-slide ' >2<\/a><a href='#3' class='goto-slide ' >3<\/a><\/div><\/div><\/div><div id='after_full_slider_1'  class='main_color av_default_container_wrap container_wrap sidebar_right'  ><div class='container av-section-cont-open' ><div class='template-page content  av-content-small alpha units'><div class='post-entry post-entry-type-page post-entry-78'><div class='entry-content-wrapper clearfix'>\n\n<style type=\"text\/css\" data-created_by=\"avia_inline_auto\" id=\"style-css-av-jpiblrtt-d66aa49adc96bf64936ad52d22a37828\">\n#top .av-special-heading.av-jpiblrtt-d66aa49adc96bf64936ad52d22a37828{\npadding-bottom:10px;\n}\nbody .av-special-heading.av-jpiblrtt-d66aa49adc96bf64936ad52d22a37828 .av-special-heading-tag .heading-char{\nfont-size:25px;\n}\n.av-special-heading.av-jpiblrtt-d66aa49adc96bf64936ad52d22a37828 .av-subheading{\nfont-size:15px;\n}\n<\/style>\n<div  class='av-special-heading av-jpiblrtt-d66aa49adc96bf64936ad52d22a37828 av-special-heading-h2 blockquote modern-quote  avia-builder-el-3  el_after_av_slideshow_full  el_before_av_two_third  avia-builder-el-first '><h2 class='av-special-heading-tag'  itemprop=\"headline\"  >Leistungen<\/h2><div class=\"special-heading-border\"><div class=\"special-heading-inner-border\"><\/div><\/div><\/div>\n\n<style type=\"text\/css\" data-created_by=\"avia_inline_auto\" id=\"style-css-av-av_two_third-25347b0a799d5b9f7058434b2a9c3182\">\n.flex_column.av-av_two_third-25347b0a799d5b9f7058434b2a9c3182{\n-webkit-border-radius:0px 0px 0px 0px;\n-moz-border-radius:0px 0px 0px 0px;\nborder-radius:0px 0px 0px 0px;\n}\n<\/style>\n<div class='flex_column av-av_two_third-25347b0a799d5b9f7058434b2a9c3182 av_two_third  avia-builder-el-4  el_after_av_heading  avia-builder-el-last  first flex_column_div av-zero-column-padding '     ><section  class='av_textblock_section av-jpi6i11s-4a0dc00172aabc6b81cbf575bc001703'  itemscope=\"itemscope\" itemtype=\"https:\/\/schema.org\/CreativeWork\" ><div class='avia_textblock'  itemprop=\"text\" ><p>Nach unserem Selbstverst\u00e4ndnis geh\u00f6ren zu einer umfassenden Patientenbetreuung:<\/p>\n<ul>\n<li>gute prophylaktische Ma\u00dfnahmen und ausf\u00fchrliche Beratungen<\/li>\n<li>eine pr\u00e4zise Diagnostik ( z.B. mittels EKG, R\u00f6ntgen, Ultraschall etc.) als Grundlage f\u00fcr eine<\/li>\n<li>erfolgreiche konservative oder operative Therapie.<\/li>\n<\/ul>\n<p>Im eigenen Labor stehen uns nach kurzer Zeit die Werte Ihres Tieres zur Verf\u00fcgung, was schnelles Handeln erm\u00f6glicht. Operierte Tiere k\u00f6nnen am selben Tag wieder mit nach Hause genommen werden, wenn sie nach der betreuten Aufwachphase stabil sind.<br \/>\nF\u00fcr schwer erkrankte Tiere besteht die M\u00f6glichkeit der station\u00e4ren Aufnahme und Versorgung.<br \/>\nDie enge Zusammenarbeit mit Spezialisten, z.B. auf dem Gebiet der Kardiologie oder Ophthalmologie, gew\u00e4hrleistet auch bei schwierigen F\u00e4llen eine professionelle medizinische Versorgung.<\/p>\n<h4>Unsere Leistungen im Einzelnen:<\/h4>\n<p>Vorsorgeuntersuchung<br \/>\nImpfung<br \/>\nHautdiagnostik<br \/>\nBlutdruckmessung<br \/>\nEKG<br \/>\nUltraschall<br \/>\ndigitales R\u00f6ntgen<br \/>\nErn\u00e4hrungsberatung<br \/>\nWelpenstunde<br \/>\nHundeerziehung<br \/>\nErste-Hilfe Kurse<br \/>\nZahnbehandlung Nager und Kaninchen<br \/>\nBlut-, Urin- und Kotuntersuchung<br \/>\nInhalationsnarkose<br \/>\nMonitor\u00fcberwachung<br \/>\nWeichteilchirurgie<br \/>\nZahnsanierung<br \/>\nLaserchirurgie \/ -behandlung<br \/>\nMagnetfeld<br \/>\nInfusionstherapie<br \/>\nVerhaltenstherapie<br \/>\nChirurgie Nager und Kaninchen<\/p>\n<\/div><\/section><\/div>\n","protected":false},"excerpt":{"rendered":"","protected":false},"author":1,"featured_media":0,"parent":0,"menu_order":0,"comment_status":"closed","ping_status":"closed","template":"","meta":{"footnotes":""},"class_list":["post-78","page","type-page","status-publish","hentry"],"_links":{"self":[{"href":"https:\/\/www.tierarzt-mainz.de\/wordpress\/wp-json\/wp\/v2\/pages\/78","targetHints":{"allow":["GET"]}}],"collection":[{"href":"https:\/\/www.tierarzt-mainz.de\/wordpress\/wp-json\/wp\/v2\/pages"}],"about":[{"href":"https:\/\/www.tierarzt-mainz.de\/wordpress\/wp-json\/wp\/v2\/types\/page"}],"author":[{"embeddable":true,"href":"https:\/\/www.tierarzt-mainz.de\/wordpress\/wp-json\/wp\/v2\/users\/1"}],"replies":[{"embeddable":true,"href":"https:\/\/www.tierarzt-mainz.de\/wordpress\/wp-json\/wp\/v2\/comments?post=78"}],"version-history":[{"count":1,"href":"https:\/\/www.tierarzt-mainz.de\/wordpress\/wp-json\/wp\/v2\/pages\/78\/revisions"}],"predecessor-version":[{"id":79,"href":"https:\/\/www.tierarzt-mainz.de\/wordpress\/wp-json\/wp\/v2\/pages\/78\/revisions\/79"}],"wp:attachment":[{"href":"https:\/\/www.tierarzt-mainz.de\/wordpress\/wp-json\/wp\/v2\/media?parent=78"}],"curies":[{"name":"wp","href":"https:\/\/api.w.org\/{rel}","templated":true}]}}