{"id":43,"date":"2018-12-10T12:52:57","date_gmt":"2018-12-10T11:52:57","guid":{"rendered":"http:\/\/www.tierarzt-mainz.de\/wordpress\/?page_id=43"},"modified":"2024-09-02T12:19:10","modified_gmt":"2024-09-02T10:19:10","slug":"team","status":"publish","type":"page","link":"https:\/\/www.tierarzt-mainz.de\/wordpress\/team\/","title":{"rendered":"Team"},"content":{"rendered":"<div id='av-layout-grid-1'  class='av-layout-grid-container av-jpi7tbph-4f1416b92f60afa8fe72edc6351cebf3 entry-content-wrapper main_color av-flex-cells  avia-builder-el-0  el_before_av_slideshow_full  avia-builder-el-first   container_wrap sidebar_right'  >\n\n<style type=\"text\/css\" data-created_by=\"avia_inline_auto\" id=\"style-css-av-jpi7to57-310b552b19895bd5d3fb008d97dbfd34\">\n.flex_cell.av-jpi7to57-310b552b19895bd5d3fb008d97dbfd34{\nvertical-align:top;\npadding:10px 0px 0px 0px;\nbackground-color:#1b8789;\n}\n<\/style>\n<div class='flex_cell av-jpi7to57-310b552b19895bd5d3fb008d97dbfd34 av-gridrow-cell av_one_full no_margin  avia-builder-el-1  avia-builder-el-no-sibling ' ><div class='flex_cell_inner'><\/div><\/div>\n<\/div>\n<div id='full_slider_1'  class='avia-fullwidth-slider main_color avia-shadow   avia-builder-el-2  el_after_av_layout_row  el_before_av_heading   slider-not-first container_wrap sidebar_right'  ><div  class='avia-slideshow av-jpi8virm-ffffb732ba8369b1c8a790933ad67899 avia-slideshow-no scaling av_slideshow_full avia-slide-slider av-slideshow-ui av-control-default av-slideshow-manual av-loop-once av-loop-manual-endless av-default-height-applied   avia-slideshow-1' data-slideshow-options=\"{&quot;animation&quot;:&quot;slide&quot;,&quot;autoplay&quot;:false,&quot;loop_autoplay&quot;:&quot;once&quot;,&quot;interval&quot;:5,&quot;loop_manual&quot;:&quot;manual-endless&quot;,&quot;autoplay_stopper&quot;:false,&quot;noNavigation&quot;:false,&quot;bg_slider&quot;:false,&quot;keep_padding&quot;:false,&quot;hoverpause&quot;:false,&quot;show_slide_delay&quot;:0}\"  itemprop=\"image\" itemscope=\"itemscope\" itemtype=\"https:\/\/schema.org\/ImageObject\" ><ul class='avia-slideshow-inner ' style='padding-bottom: 20.664589823468%;'><li  class='avia-slideshow-slide av-jpi8virm-ffffb732ba8369b1c8a790933ad67899__0  av-single-slide slide-1 slide-odd'><div data-rel='slideshow-1' class='avia-slide-wrap '   ><img decoding=\"async\" class=\"wp-image-152 avia-img-lazy-loading-not-152\"  src=\"https:\/\/www.tierarzt-mainz.de\/wordpress\/wp-content\/uploads\/2019\/01\/start_8.jpg\" width=\"1926\" height=\"398\" title='start_8' alt=''  itemprop=\"thumbnailUrl\" srcset=\"https:\/\/www.tierarzt-mainz.de\/wordpress\/wp-content\/uploads\/2019\/01\/start_8.jpg 1926w, https:\/\/www.tierarzt-mainz.de\/wordpress\/wp-content\/uploads\/2019\/01\/start_8-300x62.jpg 300w, https:\/\/www.tierarzt-mainz.de\/wordpress\/wp-content\/uploads\/2019\/01\/start_8-768x159.jpg 768w, https:\/\/www.tierarzt-mainz.de\/wordpress\/wp-content\/uploads\/2019\/01\/start_8-1030x213.jpg 1030w, https:\/\/www.tierarzt-mainz.de\/wordpress\/wp-content\/uploads\/2019\/01\/start_8-1500x310.jpg 1500w, https:\/\/www.tierarzt-mainz.de\/wordpress\/wp-content\/uploads\/2019\/01\/start_8-705x146.jpg 705w, https:\/\/www.tierarzt-mainz.de\/wordpress\/wp-content\/uploads\/2019\/01\/start_8-450x93.jpg 450w\" sizes=\"(max-width: 1926px) 100vw, 1926px\" \/><\/div><\/li><\/ul><\/div><\/div><div id='after_full_slider_1'  class='main_color av_default_container_wrap container_wrap sidebar_right'  ><div class='container av-section-cont-open' ><div class='template-page content  av-content-small alpha units'><div class='post-entry post-entry-type-page post-entry-43'><div class='entry-content-wrapper clearfix'>\n\n<style type=\"text\/css\" data-created_by=\"avia_inline_auto\" id=\"style-css-av-sfhn-7042db38c079da22638e3202e6f71ead\">\n#top .av-special-heading.av-sfhn-7042db38c079da22638e3202e6f71ead{\npadding-bottom:10px;\n}\nbody .av-special-heading.av-sfhn-7042db38c079da22638e3202e6f71ead .av-special-heading-tag .heading-char{\nfont-size:25px;\n}\n.av-special-heading.av-sfhn-7042db38c079da22638e3202e6f71ead .av-subheading{\nfont-size:15px;\n}\n<\/style>\n<div  class='av-special-heading av-sfhn-7042db38c079da22638e3202e6f71ead av-special-heading-h2 blockquote modern-quote  avia-builder-el-3  el_after_av_slideshow_full  el_before_av_one_full  avia-builder-el-first '><h2 class='av-special-heading-tag'  itemprop=\"headline\"  >Team<\/h2><div class=\"special-heading-border\"><div class=\"special-heading-inner-border\"><\/div><\/div><\/div>\n\n<style type=\"text\/css\" data-created_by=\"avia_inline_auto\" id=\"style-css-av-36xb-40e92caf1dba00fd7b8324dfc96722f0\">\n.flex_column.av-36xb-40e92caf1dba00fd7b8324dfc96722f0{\n-webkit-border-radius:0px 0px 0px 0px;\n-moz-border-radius:0px 0px 0px 0px;\nborder-radius:0px 0px 0px 0px;\n}\n<\/style>\n<div class='flex_column av-36xb-40e92caf1dba00fd7b8324dfc96722f0 av_one_full  avia-builder-el-4  el_after_av_heading  el_before_av_one_third  first flex_column_div av-zero-column-padding '     ><section  class='av_textblock_section av-jpi6i11s-4a0dc00172aabc6b81cbf575bc001703'  itemscope=\"itemscope\" itemtype=\"https:\/\/schema.org\/CreativeWork\" ><div class='avia_textblock'  itemprop=\"text\" ><p>Als Kleintierpraktikerinnen verf\u00fcgen wir \u00fcber jahrzehntelange Erfahrung in der Behandlung von Hunden, Katzen, Kaninchen und Nagern.<\/p>\n<\/div><\/section><\/div>\n\n<style type=\"text\/css\" data-created_by=\"avia_inline_auto\" id=\"style-css-av-1y1sj-da13c32bfe57a81c84ef372fa3560be8\">\n.flex_column.av-1y1sj-da13c32bfe57a81c84ef372fa3560be8{\n-webkit-border-radius:0px 0px 0px 0px;\n-moz-border-radius:0px 0px 0px 0px;\nborder-radius:0px 0px 0px 0px;\n}\n<\/style>\n<div class='flex_column av-1y1sj-da13c32bfe57a81c84ef372fa3560be8 av_one_third  avia-builder-el-6  el_after_av_one_full  el_before_av_one_third  first flex_column_div av-zero-column-padding column-top-margin'     ><p>\n<style type=\"text\/css\" data-created_by=\"avia_inline_auto\" id=\"style-css-av-k586yv6j-4cf42e6f0dfceadc994d38142d8b1221\">\n.avia-image-container.av-k586yv6j-4cf42e6f0dfceadc994d38142d8b1221 img.avia_image{\nbox-shadow:none;\n}\n.avia-image-container.av-k586yv6j-4cf42e6f0dfceadc994d38142d8b1221 .av-image-caption-overlay-center{\ncolor:#ffffff;\n}\n<\/style>\n<div  class='avia-image-container av-k586yv6j-4cf42e6f0dfceadc994d38142d8b1221 av-styling- avia-align-left  avia-builder-el-7  el_before_av_hr  avia-builder-el-first '   itemprop=\"image\" itemscope=\"itemscope\" itemtype=\"https:\/\/schema.org\/ImageObject\" ><div class=\"avia-image-container-inner\"><div class=\"avia-image-overlay-wrap\"><img decoding=\"async\" class='wp-image-199 avia-img-lazy-loading-not-199 avia_image ' src=\"https:\/\/www.tierarzt-mainz.de\/wordpress\/wp-content\/uploads\/2020\/01\/t4-1.jpg\" alt='' title='t4'  height=\"392\" width=\"262\"  itemprop=\"thumbnailUrl\" srcset=\"https:\/\/www.tierarzt-mainz.de\/wordpress\/wp-content\/uploads\/2020\/01\/t4-1.jpg 262w, https:\/\/www.tierarzt-mainz.de\/wordpress\/wp-content\/uploads\/2020\/01\/t4-1-201x300.jpg 201w\" sizes=\"(max-width: 262px) 100vw, 262px\" \/><\/div><\/div><\/div><br \/>\n\n<style type=\"text\/css\" data-created_by=\"avia_inline_auto\" id=\"style-css-av-k9fknvr5-4be96523c25fd2e49a7081554d9acb1a\">\n#top .hr.hr-invisible.av-k9fknvr5-4be96523c25fd2e49a7081554d9acb1a{\nheight:10px;\n}\n<\/style>\n<div  class='hr av-k9fknvr5-4be96523c25fd2e49a7081554d9acb1a hr-invisible  avia-builder-el-8  el_after_av_image  el_before_av_textblock '><span class='hr-inner '><span class=\"hr-inner-style\"><\/span><\/span><\/div><br \/>\n<section  class='av_textblock_section av-k5c4e4jd-1b6a9c666f8ec2a35391a5f8f2cd9c1c'  itemscope=\"itemscope\" itemtype=\"https:\/\/schema.org\/CreativeWork\" ><div class='avia_textblock'  itemprop=\"text\" ><p>Dr. Gabriele von Gaertner<br \/>\nStudium in Hannover<br \/>\nin eigener Praxis seit 1985<\/p>\n<\/div><\/section><\/p><\/div>\n\n<style type=\"text\/css\" data-created_by=\"avia_inline_auto\" id=\"style-css-av-1bcl3-bb84585cef6541dccc1f4171b1de076f\">\n.flex_column.av-1bcl3-bb84585cef6541dccc1f4171b1de076f{\n-webkit-border-radius:0px 0px 0px 0px;\n-moz-border-radius:0px 0px 0px 0px;\nborder-radius:0px 0px 0px 0px;\n}\n<\/style>\n<div class='flex_column av-1bcl3-bb84585cef6541dccc1f4171b1de076f av_one_third  avia-builder-el-10  el_after_av_one_third  el_before_av_one_third  flex_column_div av-zero-column-padding column-top-margin'     ><p>\n<style type=\"text\/css\" data-created_by=\"avia_inline_auto\" id=\"style-css-av-k5igoylp-17b164282f0724348b5c308aacde6f05\">\n.avia-image-container.av-k5igoylp-17b164282f0724348b5c308aacde6f05 img.avia_image{\nbox-shadow:none;\n}\n.avia-image-container.av-k5igoylp-17b164282f0724348b5c308aacde6f05 .av-image-caption-overlay-center{\ncolor:#ffffff;\n}\n<\/style>\n<div  class='avia-image-container av-k5igoylp-17b164282f0724348b5c308aacde6f05 av-styling- avia-align-left  avia-builder-el-11  el_before_av_hr  avia-builder-el-first '   itemprop=\"image\" itemscope=\"itemscope\" itemtype=\"https:\/\/schema.org\/ImageObject\" ><div class=\"avia-image-container-inner\"><div class=\"avia-image-overlay-wrap\"><img decoding=\"async\" class='wp-image-237 avia-img-lazy-loading-not-237 avia_image ' src=\"https:\/\/www.tierarzt-mainz.de\/wordpress\/wp-content\/uploads\/2020\/01\/ta_1.jpg\" alt='' title='ta_1'  height=\"392\" width=\"262\"  itemprop=\"thumbnailUrl\" srcset=\"https:\/\/www.tierarzt-mainz.de\/wordpress\/wp-content\/uploads\/2020\/01\/ta_1.jpg 262w, https:\/\/www.tierarzt-mainz.de\/wordpress\/wp-content\/uploads\/2020\/01\/ta_1-201x300.jpg 201w\" sizes=\"(max-width: 262px) 100vw, 262px\" \/><\/div><\/div><\/div><br \/>\n\n<style type=\"text\/css\" data-created_by=\"avia_inline_auto\" id=\"style-css-av-k9fknvr5-15-db184cd32d8034891bd2ae2b76a20266\">\n#top .hr.hr-invisible.av-k9fknvr5-15-db184cd32d8034891bd2ae2b76a20266{\nheight:10px;\n}\n<\/style>\n<div  class='hr av-k9fknvr5-15-db184cd32d8034891bd2ae2b76a20266 hr-invisible  avia-builder-el-12  el_after_av_image  el_before_av_textblock '><span class='hr-inner '><span class=\"hr-inner-style\"><\/span><\/span><\/div><br \/>\n<section  class='av_textblock_section av-k5c4e4jd-14-0d2f2e7e675cfb1187a0ab7d6bb78106'  itemscope=\"itemscope\" itemtype=\"https:\/\/schema.org\/CreativeWork\" ><div class='avia_textblock'  itemprop=\"text\" ><p>Dr. Amelie von Gaertner<br \/>\nStudium in Gie\u00dfen<br \/>\nin der Praxis seit 2013<\/p>\n<\/div><\/section><\/p><\/div>\n\n<style type=\"text\/css\" data-created_by=\"avia_inline_auto\" id=\"style-css-av-1bcl3-13-3c2e12bd19e531df8dcec61add71431c\">\n.flex_column.av-1bcl3-13-3c2e12bd19e531df8dcec61add71431c{\n-webkit-border-radius:0px 0px 0px 0px;\n-moz-border-radius:0px 0px 0px 0px;\nborder-radius:0px 0px 0px 0px;\n}\n<\/style>\n<div class='flex_column av-1bcl3-13-3c2e12bd19e531df8dcec61add71431c av_one_third  avia-builder-el-14  el_after_av_one_third  el_before_av_one_full  flex_column_div av-zero-column-padding column-top-margin'     ><p><br \/>\n\n<style type=\"text\/css\" data-created_by=\"avia_inline_auto\" id=\"style-css-av-k9fknvr5-12-15840383cdbb723b5a0563ac8c33a060\">\n#top .hr.hr-invisible.av-k9fknvr5-12-15840383cdbb723b5a0563ac8c33a060{\nheight:10px;\n}\n<\/style>\n<div  class='hr av-k9fknvr5-12-15840383cdbb723b5a0563ac8c33a060 hr-invisible  avia-builder-el-16  el_after_av_image  el_before_av_textblock '><span class='hr-inner '><span class=\"hr-inner-style\"><\/span><\/span><\/div><br \/>\n<section  class='av_textblock_section av-k5c4e4jd-11-da56637eeba9d447f2becfb251d8b691'  itemscope=\"itemscope\" itemtype=\"https:\/\/schema.org\/CreativeWork\" ><div class='avia_textblock'  itemprop=\"text\" ><\/div><\/section><\/p><\/div>\n<style type=\"text\/css\" data-created_by=\"avia_inline_auto\" id=\"style-css-av-114on-988251c37d322df4ce23e6d4eabca2b7\">\n.flex_column.av-114on-988251c37d322df4ce23e6d4eabca2b7{\n-webkit-border-radius:0px 0px 0px 0px;\n-moz-border-radius:0px 0px 0px 0px;\nborder-radius:0px 0px 0px 0px;\n}\n<\/style>\n<div class='flex_column av-114on-988251c37d322df4ce23e6d4eabca2b7 av_one_full  avia-builder-el-18  el_after_av_one_third  el_before_av_one_fourth  first flex_column_div av-zero-column-padding column-top-margin'     ><section  class='av_textblock_section av-k5c4o74f-eceb193de70069363895eee596f4bb99'  itemscope=\"itemscope\" itemtype=\"https:\/\/schema.org\/CreativeWork\" ><div class='avia_textblock'  itemprop=\"text\" ><p>Wir werden unterst\u00fctzt von unseren veterin\u00e4rmedizinischen Fachangestellten, die Sie gerne bei Fragen zur Ern\u00e4hrung, Di\u00e4tetik, Hundeschulen, Tierpensionen oder Verabreichung von Medikamenten beraten.<\/p>\n<\/div><\/section><\/div>\n<style type=\"text\/css\" data-created_by=\"avia_inline_auto\" id=\"style-css-av-o90z-58dfb405456e343e9eba1fcbe77ab158\">\n.flex_column.av-o90z-58dfb405456e343e9eba1fcbe77ab158{\n-webkit-border-radius:0px 0px 0px 0px;\n-moz-border-radius:0px 0px 0px 0px;\nborder-radius:0px 0px 0px 0px;\n}\n<\/style>\n<div class='flex_column av-o90z-58dfb405456e343e9eba1fcbe77ab158 av_one_fourth  avia-builder-el-20  el_after_av_one_full  el_before_av_one_fourth  first flex_column_div av-zero-column-padding column-top-margin'     ><style type=\"text\/css\" data-created_by=\"avia_inline_auto\" id=\"style-css-av-k5870uyj-207c37a7e751517c0e3a7a35ed569356\">\n.avia-image-container.av-k5870uyj-207c37a7e751517c0e3a7a35ed569356 img.avia_image{\nbox-shadow:none;\n}\n.avia-image-container.av-k5870uyj-207c37a7e751517c0e3a7a35ed569356 .av-image-caption-overlay-center{\ncolor:#ffffff;\n}\n<\/style>\n<div  class='avia-image-container av-k5870uyj-207c37a7e751517c0e3a7a35ed569356 av-styling- avia-align-left  avia-builder-el-21  avia-builder-el-no-sibling '   itemprop=\"image\" itemscope=\"itemscope\" itemtype=\"https:\/\/schema.org\/ImageObject\" ><div class=\"avia-image-container-inner\"><div class=\"avia-image-overlay-wrap\"><img decoding=\"async\" class='wp-image-235 avia-img-lazy-loading-not-235 avia_image ' src=\"https:\/\/www.tierarzt-mainz.de\/wordpress\/wp-content\/uploads\/2020\/01\/ta_3-201x300.jpg\" alt='' title='ta_3'  height=\"300\" width=\"201\"  itemprop=\"thumbnailUrl\" srcset=\"https:\/\/www.tierarzt-mainz.de\/wordpress\/wp-content\/uploads\/2020\/01\/ta_3-201x300.jpg 201w, https:\/\/www.tierarzt-mainz.de\/wordpress\/wp-content\/uploads\/2020\/01\/ta_3.jpg 262w\" sizes=\"(max-width: 201px) 100vw, 201px\" \/><\/div><\/div><\/div><\/div><\/p>\n\n<style type=\"text\/css\" data-created_by=\"avia_inline_auto\" id=\"style-css-av-o90z-10-85971562a7479f25c26e7ca25666a3fc\">\n.flex_column.av-o90z-10-85971562a7479f25c26e7ca25666a3fc{\n-webkit-border-radius:0px 0px 0px 0px;\n-moz-border-radius:0px 0px 0px 0px;\nborder-radius:0px 0px 0px 0px;\n}\n<\/style>\n<div class='flex_column av-o90z-10-85971562a7479f25c26e7ca25666a3fc av_one_fourth  avia-builder-el-22  el_after_av_one_fourth  el_before_av_one_fourth  flex_column_div av-zero-column-padding column-top-margin'     ><style type=\"text\/css\" data-created_by=\"avia_inline_auto\" id=\"style-css-av-k5870uyj-9-d9ad442c425a7993f42fa465637cb9e5\">\n.avia-image-container.av-k5870uyj-9-d9ad442c425a7993f42fa465637cb9e5 img.avia_image{\nbox-shadow:none;\n}\n.avia-image-container.av-k5870uyj-9-d9ad442c425a7993f42fa465637cb9e5 .av-image-caption-overlay-center{\ncolor:#ffffff;\n}\n<\/style>\n<div  class='avia-image-container av-k5870uyj-9-d9ad442c425a7993f42fa465637cb9e5 av-styling- avia-align-left  avia-builder-el-23  avia-builder-el-no-sibling '   itemprop=\"image\" itemscope=\"itemscope\" itemtype=\"https:\/\/schema.org\/ImageObject\" ><div class=\"avia-image-container-inner\"><div class=\"avia-image-overlay-wrap\"><img decoding=\"async\" class='wp-image-234 avia-img-lazy-loading-not-234 avia_image ' src=\"https:\/\/www.tierarzt-mainz.de\/wordpress\/wp-content\/uploads\/2020\/01\/ta_4-201x300.jpg\" alt='' title='ta_4'  height=\"300\" width=\"201\"  itemprop=\"thumbnailUrl\" srcset=\"https:\/\/www.tierarzt-mainz.de\/wordpress\/wp-content\/uploads\/2020\/01\/ta_4-201x300.jpg 201w, https:\/\/www.tierarzt-mainz.de\/wordpress\/wp-content\/uploads\/2020\/01\/ta_4.jpg 262w\" sizes=\"(max-width: 201px) 100vw, 201px\" \/><\/div><\/div><\/div><\/div>\n\n<style type=\"text\/css\" data-created_by=\"avia_inline_auto\" id=\"style-css-av-o90z-8-7e68770edb9c9971826f12ea73a6c83d\">\n.flex_column.av-o90z-8-7e68770edb9c9971826f12ea73a6c83d{\n-webkit-border-radius:0px 0px 0px 0px;\n-moz-border-radius:0px 0px 0px 0px;\nborder-radius:0px 0px 0px 0px;\n}\n<\/style>\n<div class='flex_column av-o90z-8-7e68770edb9c9971826f12ea73a6c83d av_one_fourth  avia-builder-el-24  el_after_av_one_fourth  el_before_av_one_fourth  flex_column_div av-zero-column-padding column-top-margin'     ><\/div>\n<style type=\"text\/css\" data-created_by=\"avia_inline_auto\" id=\"style-css-av-1jcgz-68bf0ae22c469a502f86e402f3bd026d\">\n.flex_column.av-1jcgz-68bf0ae22c469a502f86e402f3bd026d{\n-webkit-border-radius:0px 0px 0px 0px;\n-moz-border-radius:0px 0px 0px 0px;\nborder-radius:0px 0px 0px 0px;\n}\n<\/style>\n<div class='flex_column av-1jcgz-68bf0ae22c469a502f86e402f3bd026d av_one_fourth  avia-builder-el-25  el_after_av_one_fourth  el_before_av_one_fourth  flex_column_div av-zero-column-padding column-top-margin'     ><\/div><\/p>\n\n<style type=\"text\/css\" data-created_by=\"avia_inline_auto\" id=\"style-css-av-36xb-17-95afdea92abbb101111d87e27d338397\">\n.flex_column.av-36xb-17-95afdea92abbb101111d87e27d338397{\n-webkit-border-radius:0px 0px 0px 0px;\n-moz-border-radius:0px 0px 0px 0px;\nborder-radius:0px 0px 0px 0px;\n}\n<\/style>\n<div class='flex_column av-36xb-17-95afdea92abbb101111d87e27d338397 av_one_fourth  avia-builder-el-27  el_after_av_one_fourth  el_before_av_one_fourth  first flex_column_div av-zero-column-padding column-top-margin'     ><section  class='av_textblock_section av-jpi6i11s-16-08bbd0af7bcc5adaa70e0ed4218d3c2e'  itemscope=\"itemscope\" itemtype=\"https:\/\/schema.org\/CreativeWork\" ><div class='avia_textblock'  itemprop=\"text\" ><p>Antje Koch<br \/>\nTierarzthelferin in unserer Praxis seit 1995<\/p>\n<\/div><\/section><\/div>\n\n<style type=\"text\/css\" data-created_by=\"avia_inline_auto\" id=\"style-css-av-36xb-6-e0a7adfe19f3e67beb3db44e4a1284e3\">\n.flex_column.av-36xb-6-e0a7adfe19f3e67beb3db44e4a1284e3{\n-webkit-border-radius:0px 0px 0px 0px;\n-moz-border-radius:0px 0px 0px 0px;\nborder-radius:0px 0px 0px 0px;\n}\n<\/style>\n<div class='flex_column av-36xb-6-e0a7adfe19f3e67beb3db44e4a1284e3 av_one_fourth  avia-builder-el-29  el_after_av_one_fourth  el_before_av_one_fourth  flex_column_div av-zero-column-padding column-top-margin'     ><section  class='av_textblock_section av-jpi6i11s-5-d61482016d9873e41df03b7b6ca9024d'  itemscope=\"itemscope\" itemtype=\"https:\/\/schema.org\/CreativeWork\" ><div class='avia_textblock'  itemprop=\"text\" ><p>Natascha Steinberger<br \/>\nTierarzthelferin in unserer Praxis seit 2008<\/p>\n<\/div><\/section><\/div>\n\n<style type=\"text\/css\" data-created_by=\"avia_inline_auto\" id=\"style-css-av-36xb-4-0d83c55b5f76356cbeef476c59caba9d\">\n.flex_column.av-36xb-4-0d83c55b5f76356cbeef476c59caba9d{\n-webkit-border-radius:0px 0px 0px 0px;\n-moz-border-radius:0px 0px 0px 0px;\nborder-radius:0px 0px 0px 0px;\n}\n<\/style>\n<div class='flex_column av-36xb-4-0d83c55b5f76356cbeef476c59caba9d av_one_fourth  avia-builder-el-31  el_after_av_one_fourth  el_before_av_one_fourth  flex_column_div av-zero-column-padding column-top-margin'     ><section  class='av_textblock_section av-jpi6i11s-3-1601432baaae1aefe56dbe31bd6ef25e'  itemscope=\"itemscope\" itemtype=\"https:\/\/schema.org\/CreativeWork\" ><div class='avia_textblock'  itemprop=\"text\" ><p>Sarah F\u00f6ller<br \/>\nAuszubildende zur Tiermedizinischen Fachangestellten seit 2023<\/p>\n<\/div><\/section><\/div>\n<style type=\"text\/css\" data-created_by=\"avia_inline_auto\" id=\"style-css-av-42nyz-e486a22b413f6a3edca6ca0d02975d47\">\n.flex_column.av-42nyz-e486a22b413f6a3edca6ca0d02975d47{\n-webkit-border-radius:0px 0px 0px 0px;\n-moz-border-radius:0px 0px 0px 0px;\nborder-radius:0px 0px 0px 0px;\n}\n<\/style>\n<div class='flex_column av-42nyz-e486a22b413f6a3edca6ca0d02975d47 av_one_fourth  avia-builder-el-33  el_after_av_one_fourth  el_before_av_one_fourth  flex_column_div av-zero-column-padding column-top-margin'     ><section  class='av_textblock_section av-leo3z76p-ef9df269a495ff68f1c06b48610d2c5c'  itemscope=\"itemscope\" itemtype=\"https:\/\/schema.org\/CreativeWork\" ><div class='avia_textblock'  itemprop=\"text\" ><\/div><\/section><\/div>\n<style type=\"text\/css\" data-created_by=\"avia_inline_auto\" id=\"style-css-av-3cnxr-70e2b000a7b9cb807df2ab9dbf5af7e4\">\n.flex_column.av-3cnxr-70e2b000a7b9cb807df2ab9dbf5af7e4{\n-webkit-border-radius:0px 0px 0px 0px;\n-moz-border-radius:0px 0px 0px 0px;\nborder-radius:0px 0px 0px 0px;\n}\n<\/style>\n<div class='flex_column av-3cnxr-70e2b000a7b9cb807df2ab9dbf5af7e4 av_one_fourth  avia-builder-el-35  el_after_av_one_fourth  el_before_av_one_fourth  first flex_column_div av-zero-column-padding column-top-margin'     ><\/div><\/p>\n\n<style type=\"text\/css\" data-created_by=\"avia_inline_auto\" id=\"style-css-av-16867-da62a4a5e79338e048ee29ee3e4f14c3\">\n.flex_column.av-16867-da62a4a5e79338e048ee29ee3e4f14c3{\n-webkit-border-radius:0px 0px 0px 0px;\n-moz-border-radius:0px 0px 0px 0px;\nborder-radius:0px 0px 0px 0px;\n}\n<\/style>\n<div class='flex_column av-16867-da62a4a5e79338e048ee29ee3e4f14c3 av_one_fourth  avia-builder-el-36  el_after_av_one_fourth  el_before_av_one_fourth  flex_column_div av-zero-column-padding column-top-margin'     ><\/div>\n\n<style type=\"text\/css\" data-created_by=\"avia_inline_auto\" id=\"style-css-av-27y9v-5b112e990ed24caeb30cd71a0aa9038d\">\n.flex_column.av-27y9v-5b112e990ed24caeb30cd71a0aa9038d{\n-webkit-border-radius:0px 0px 0px 0px;\n-moz-border-radius:0px 0px 0px 0px;\nborder-radius:0px 0px 0px 0px;\n}\n<\/style>\n<div class='flex_column av-27y9v-5b112e990ed24caeb30cd71a0aa9038d av_one_fourth  avia-builder-el-37  el_after_av_one_fourth  el_before_av_one_fourth  flex_column_div av-zero-column-padding column-top-margin'     ><\/div>\n\n<style type=\"text\/css\" data-created_by=\"avia_inline_auto\" id=\"style-css-av-1jk17-00c7ad58a7d3a84f48d618531eb7e8e0\">\n.flex_column.av-1jk17-00c7ad58a7d3a84f48d618531eb7e8e0{\n-webkit-border-radius:0px 0px 0px 0px;\n-moz-border-radius:0px 0px 0px 0px;\nborder-radius:0px 0px 0px 0px;\n}\n<\/style>\n<div class='flex_column av-1jk17-00c7ad58a7d3a84f48d618531eb7e8e0 av_one_fourth  avia-builder-el-38  el_after_av_one_fourth  el_before_av_one_fourth  flex_column_div av-zero-column-padding column-top-margin'     ><\/div>\n\n<style type=\"text\/css\" data-created_by=\"avia_inline_auto\" id=\"style-css-av-o15n-bee3f67c4e3c0e72cf8297c5c2b487a0\">\n.flex_column.av-o15n-bee3f67c4e3c0e72cf8297c5c2b487a0{\n-webkit-border-radius:0px 0px 0px 0px;\n-moz-border-radius:0px 0px 0px 0px;\nborder-radius:0px 0px 0px 0px;\n}\n<\/style>\n<div class='flex_column av-o15n-bee3f67c4e3c0e72cf8297c5c2b487a0 av_one_fourth  avia-builder-el-39  el_after_av_one_fourth  avia-builder-el-last  first flex_column_div av-zero-column-padding column-top-margin'     ><section  class='av_textblock_section av-leo40ne7-f673cfff15de2354c342a48a926b6437'  itemscope=\"itemscope\" itemtype=\"https:\/\/schema.org\/CreativeWork\" ><div class='avia_textblock'  itemprop=\"text\" ><\/div><\/section><\/div>\n","protected":false},"excerpt":{"rendered":"","protected":false},"author":1,"featured_media":0,"parent":0,"menu_order":0,"comment_status":"closed","ping_status":"closed","template":"","meta":{"footnotes":""},"class_list":["post-43","page","type-page","status-publish","hentry"],"_links":{"self":[{"href":"https:\/\/www.tierarzt-mainz.de\/wordpress\/wp-json\/wp\/v2\/pages\/43","targetHints":{"allow":["GET"]}}],"collection":[{"href":"https:\/\/www.tierarzt-mainz.de\/wordpress\/wp-json\/wp\/v2\/pages"}],"about":[{"href":"https:\/\/www.tierarzt-mainz.de\/wordpress\/wp-json\/wp\/v2\/types\/page"}],"author":[{"embeddable":true,"href":"https:\/\/www.tierarzt-mainz.de\/wordpress\/wp-json\/wp\/v2\/users\/1"}],"replies":[{"embeddable":true,"href":"https:\/\/www.tierarzt-mainz.de\/wordpress\/wp-json\/wp\/v2\/comments?post=43"}],"version-history":[{"count":35,"href":"https:\/\/www.tierarzt-mainz.de\/wordpress\/wp-json\/wp\/v2\/pages\/43\/revisions"}],"predecessor-version":[{"id":400,"href":"https:\/\/www.tierarzt-mainz.de\/wordpress\/wp-json\/wp\/v2\/pages\/43\/revisions\/400"}],"wp:attachment":[{"href":"https:\/\/www.tierarzt-mainz.de\/wordpress\/wp-json\/wp\/v2\/media?parent=43"}],"curies":[{"name":"wp","href":"https:\/\/api.w.org\/{rel}","templated":true}]}}